{"id":16,"date":"2023-05-23T05:41:08","date_gmt":"2023-05-23T05:41:08","guid":{"rendered":"https:\/\/thingware.ch\/beispielseite\/"},"modified":"2023-06-29T09:27:50","modified_gmt":"2023-06-29T09:27:50","slug":"beispielseite","status":"publish","type":"page","link":"https:\/\/thingware.ch\/de\/beispielseite\/","title":{"rendered":"\u00dcber uns"},"content":{"rendered":"\n<h1 class=\"wp-block-heading\">\u00dcber uns<\/h1>\n\n<h2 class=\"wp-block-heading\">Thingware GmbH<\/h2>\n\n<p>Wir bei Thingware sind f\u00fchrend bei der Nutzung des Potenzials des Internet of Things (IoT) und des Industrial Internet of Things (IIoT). Unser Ziel ist es, Unternehmen in die Lage zu versetzen, sich in diesem digital vernetzten Zeitalter weiterzuentwickeln und erfolgreich zu sein.<\/p>\n\n<p>Gegr\u00fcndet von Jan Sch\u00e4r, einem erfahrenen IoT-Berater mit umfangreichem Hintergrund im Bau- und Wirtschaftsingenieurwesen, verf\u00fcgt unser Unternehmen \u00fcber mehr als zwei Jahrzehnte Erfahrung und ein einzigartiges Verst\u00e4ndnis daf\u00fcr, wie sich die digitale und die physische Welt \u00fcberschneiden. Jans unternehmerischer Werdegang, darunter die erfolgreiche Lancierung eines der gr\u00f6ssten IoT-Marktpl\u00e4tze, ShopOfThings.ch, im Jahr 2017, und seine F\u00fchrungsrolle bei Thingware LLC, verleihen unseren Dienstleistungen eine unvergleichliche Branchenkompetenz.<\/p>\n\n<p>Unser breit gef\u00e4chertes Angebot an Beratungsleistungen, von der Entwicklung einer IoT-Strategie \u00fcber die Auswahl von Technologien und die Entwicklung von Architekturen bis hin zu praktischen Schulungen und Weiterbildungen, ist darauf ausgerichtet, die individuellen Bed\u00fcrfnisse jedes Unternehmens zu erf\u00fcllen. Unsere Kunden kommen aus den verschiedensten Bereichen, von Start-ups, die die Branche umkrempeln wollen, bis hin zu etablierten Unternehmen, die ihre Abl\u00e4ufe innovieren und verbessern wollen.<\/p>\n\n<p>Wir bei Thingware glauben an die Schaffung einer intelligenten, effizienten und nachhaltigen Zukunft. Wir helfen unseren Kunden, sich in der Komplexit\u00e4t des IoT zurechtzufinden, und leiten sie an, diese transformative Technologie zu ihrem besten Vorteil zu nutzen.<\/p>\n\n<p>Gestalten Sie mit uns die technologische Landschaft von morgen. Mit unserer breiten Wissensbasis und Ihrer Leidenschaft sind wir zuversichtlich, eine bessere, vernetztere Zukunft zu schaffen.<\/p>\n\n<figure class=\"wp-block-image aligncenter size-large is-resized\"><img loading=\"lazy\" decoding=\"async\" src=\"https:\/\/thingware.ch\/wp-content\/uploads\/2023\/06\/thingware-organigram-1024x537.jpg\" alt=\"\" class=\"wp-image-161\" width=\"1024\" height=\"537\" srcset=\"https:\/\/thingware.ch\/wp-content\/uploads\/2023\/06\/thingware-organigram-1024x537.jpg 1024w, https:\/\/thingware.ch\/wp-content\/uploads\/2023\/06\/thingware-organigram-300x157.jpg 300w, https:\/\/thingware.ch\/wp-content\/uploads\/2023\/06\/thingware-organigram-768x402.jpg 768w, https:\/\/thingware.ch\/wp-content\/uploads\/2023\/06\/thingware-organigram-1536x805.jpg 1536w, https:\/\/thingware.ch\/wp-content\/uploads\/2023\/06\/thingware-organigram.jpg 1901w\" sizes=\"auto, (max-width: 1024px) 100vw, 1024px\" \/><\/figure>\n\n<h2 class=\"wp-block-heading\">Jan Sch\u00e4r, IoT-Berater<\/h2>\n\n<p>Hallo, ich freue mich sehr, Sie kennenzulernen. Mit einem reichen Erfahrungsschatz, der sich \u00fcber mehr als zwei Jahrzehnte erstreckt, habe ich mein Leben der Ver\u00e4nderung der Art und Weise gewidmet, wie wir Technologie nutzen und betrachten.<\/p>\n\n<p>Ich begann mein Karriere mit dem Studium des Bauingenieurwesens, eine Entscheidung, die zu einer bereichernden 15-j\u00e4hrigen Karriere als Bauingenieur bei gro\u00dfen Bauprojekten f\u00fchrte. Ich war Zeuge der Entstehung gro\u00dfartiger Strukturen und wurde ein integraler Bestandteil ihrer Existenz. Aber ich war nicht nur ein passiver Beobachter; meine H\u00e4nde und mein Verstand waren tief in den Schaffensprozess involviert. Als Full-Stack-Developer seit mehr als zwei Jahrzehnten habe ich auch an verschiedenen Projekten mitgewirkt, von denen einige mit diesen gro\u00dfen Bauprojekten zusammenfielen. Mein Verst\u00e4ndnis f\u00fcr die praktischen Aspekte des Bauens und mein instinktives Verst\u00e4ndnis f\u00fcr Codes vereinen sich zu einem einzigartigen Verst\u00e4ndnis der physischen und digitalen Welt.<\/p>\n\n<p>Mein Streben nach Wissen endete nicht mit Bauingenieurwesen und Coden. Sp\u00e4ter habe ich einen Abschluss in Wirtschaftsingenieurwesen erworben. In den letzten sechs Jahren bin ich in die sich st\u00e4ndig weiterentwickelnde Welt des IoT eingetaucht, die letzten vier Jahre davon in einem gro\u00dfen Unternehmen. Hier konnte ich mein Verst\u00e4ndnis von IoT und IIoT weiter ausbauen und verfeinern und wertvolle Einblicke in deren Anwendung in mittleren bis gro\u00dfen Unternehmen gewinnen.<\/p>\n\n<p>Unternehmertum war schon immer eine Leidenschaft von mir, und vor sechs Jahren habe ich diese Leidenschaft in die Tat umgesetzt, als ich ShopOfThings.ch gr\u00fcndete. Diese Plattform hat sich seitdem zu einem der gr\u00f6\u00dften Marktpl\u00e4tze f\u00fcr IoT-Produkte entwickelt, und in den letzten drei Jahren hatte ich das Privileg, Thingware LLC, die Muttergesellschaft von ShopOfThings, zu leiten.<\/p>\n\n<p>W\u00e4hrend meiner gesamten Laufbahn habe ich immer an die Macht eines breiten Wissens geglaubt. Aus diesem Grund beschr\u00e4nke ich mich nicht nur auf praktische oder architektonische Fragestellungen. Stattdessen besch\u00e4ftige ich mich mit Planungsfragen, und diese F\u00e4higkeit, das gro\u00dfe Ganze zu sehen, hat sich als eine wesentliche St\u00e4rke erwiesen.<\/p>\n\n<p>Au\u00dferhalb der Arbeit finde ich mein Gleichgewicht im Leben durch meine Familie und meine Entdeckungen. Oft bin ich mit meiner Frau und unseren drei Kindern auf mehrt\u00e4gigen Rucksacktouren unterwegs, um die Sch\u00f6nheit der Umgebung zu genie\u00dfen. Ich verbringe auch Zeit damit, eine Jugendgruppe zu leiten, mein Wissen weiterzugeben, das ich im Laufe der Jahre erworben habe, und von der lebendigen Energie der jungen Menschen zu lernen, die ich f\u00fchre.<\/p>\n\n<p>Ich lade Sie ein, mit mir gemeinsam in die Welt des IoT einzutauchen und unsere gemeinsame Leidenschaft f\u00fcr die Gestaltung der technologischen Landschaft von morgen zu nutzen. Lassen Sie uns eine intelligente, effiziente und nachhaltige Zukunft schaffen.<\/p>\n","protected":false},"excerpt":{"rendered":"<p>\u00dcber uns Thingware GmbH Wir bei Thingware sind f\u00fchrend bei der Nutzung des Potenzials des Internet of Things (IoT) und des Industrial Internet of Things (IIoT). Unser Ziel ist es, Unternehmen in die Lage zu versetzen, sich in diesem digital vernetzten Zeitalter weiterzuentwickeln und erfolgreich zu sein. Gegr\u00fcndet von Jan Sch\u00e4r, einem erfahrenen IoT-Berater mit [&hellip;]<\/p>\n","protected":false},"author":1,"featured_media":0,"parent":0,"menu_order":0,"comment_status":"closed","ping_status":"closed","template":"","meta":{"footnotes":""},"class_list":["post-16","page","type-page","status-publish","hentry"],"blocksy_meta":[],"_links":{"self":[{"href":"https:\/\/thingware.ch\/de\/wp-json\/wp\/v2\/pages\/16","targetHints":{"allow":["GET"]}}],"collection":[{"href":"https:\/\/thingware.ch\/de\/wp-json\/wp\/v2\/pages"}],"about":[{"href":"https:\/\/thingware.ch\/de\/wp-json\/wp\/v2\/types\/page"}],"author":[{"embeddable":true,"href":"https:\/\/thingware.ch\/de\/wp-json\/wp\/v2\/users\/1"}],"replies":[{"embeddable":true,"href":"https:\/\/thingware.ch\/de\/wp-json\/wp\/v2\/comments?post=16"}],"version-history":[{"count":10,"href":"https:\/\/thingware.ch\/de\/wp-json\/wp\/v2\/pages\/16\/revisions"}],"predecessor-version":[{"id":177,"href":"https:\/\/thingware.ch\/de\/wp-json\/wp\/v2\/pages\/16\/revisions\/177"}],"wp:attachment":[{"href":"https:\/\/thingware.ch\/de\/wp-json\/wp\/v2\/media?parent=16"}],"curies":[{"name":"wp","href":"https:\/\/api.w.org\/{rel}","templated":true}]}}