{"id":171,"date":"2023-06-29T09:18:59","date_gmt":"2023-06-29T09:18:59","guid":{"rendered":"https:\/\/thingware.ch\/unsere-dienstleistungen\/"},"modified":"2023-06-30T14:40:18","modified_gmt":"2023-06-30T14:40:18","slug":"unsere-dienstleistungen","status":"publish","type":"page","link":"https:\/\/thingware.ch\/de\/unsere-dienstleistungen\/","title":{"rendered":"Unsere Dienstleistungen"},"content":{"rendered":"\n<h1 class=\"wp-block-heading\">Unsere Dienstleistungen<\/h1>\n\n<p>Mit seiner langj\u00e4hrigen Erfahrung in diesem Bereich hat sich Jan Sch\u00e4r den Ruf erworben, au\u00dfergew\u00f6hnliche Ergebnisse in der Technologieberatung zu erzielen und die physische mit der digitalen Welt zu verbinden, um eine intelligentere, effizientere und nachhaltigere Zukunft zu schaffen.<\/p>\n\n<p>Unser umfassender Hintergrund im Bau- und Wirtschaftsingenieurwesen, gepaart mit einem tiefen Verst\u00e4ndnis von IoT- und IIoT-Anwendungen, erm\u00f6glicht es uns, Ihrem Unternehmen eine einzigartige Perspektive und bew\u00e4hrte Expertise zu bieten. Ganz gleich, ob Sie ein etabliertes Unternehmen sind, das Innovationen anstrebt, oder ein Start-up-Unternehmen, das den Markt aufmischen will &#8211; wir k\u00f6nnen Ihnen helfen, sich in der Komplexit\u00e4t der IoT-Technologie zurechtzufinden.<\/p>\n\n<p>Entdecken Sie unser vielf\u00e4ltiges Angebot an Dienstleistungen, die jeweils auf Ihre individuellen Bed\u00fcrfnisse zugeschnitten sind und auf Stundenbasis angeboten werden:<\/p>\n\n<hr class=\"wp-block-separator has-alpha-channel-opacity\"\/>\n\n<div class=\"wp-block-columns is-layout-flex wp-container-core-columns-is-layout-28f84493 wp-block-columns-is-layout-flex\">\n<div class=\"wp-block-column is-layout-flow wp-block-column-is-layout-flow\">\n<h2 class=\"wp-block-heading\">Wahl der Technologie<\/h2>\n\n\n\n<p>CHF 350.-\/h<\/p>\n\n\n\n<p>Die Wahl der richtigen IoT-Plattformen, Protokolle und Technologien ist entscheidend f\u00fcr den Erfolg Ihrer IoT-Initiativen. Die Folgen einer falschen Wahl k\u00f6nnen schwerwiegend sein und zu Verlusten in H\u00f6he von Tausenden von CHF sowie zu Zeit- und Arbeitsverlusten f\u00fchren. Dar\u00fcber hinaus f\u00fchrt der expansive IoT-Markt oft zu Verwirrung, da viele glauben, dass kein vorhandenes Ger\u00e4t ihre spezifischen Anforderungen erf\u00fcllen kann, und beginnen, ihre eigenen zu entwickeln, was oft unn\u00f6tig ist.<\/p>\n\n\n\n<p>Nutzen Sie unseren einzigartigen Blickwinkel, den wir durch unsere Erfahrung aus erster Hand beim Betrieb von ShopOfThings.ch, einem der gr\u00f6ssten IoT-Marktpl\u00e4tze, gewonnen haben. Unsere Einblicke in die Welt der IoT-Produkte sind von unsch\u00e4tzbarem Wert &#8211; wir wissen, was funktioniert und was nicht, und haben ein tiefes Verst\u00e4ndnis f\u00fcr die Qualit\u00e4t, Verf\u00fcgbarkeit und Grenzen einer breiten Palette von Hardware.<\/p>\n\n\n\n<p>Auf der Grundlage dieser Erkenntnisse bieten wir fachkundige Beratung und Unterst\u00fctzung bei diesen kritischen Technologieentscheidungen und bewahren Sie so vor potenziellen Verlusten und Fehltritten. Oftmals finden wir bereits vorhandene L\u00f6sungen, die Sie noch nicht kennen, so dass eine kostspielige und zeitaufw\u00e4ndige kundenspezifische Entwicklung vermieden werden kann.<\/p>\n\n\n\n<p>Unser Ziel ist es, sicherzustellen, dass Ihre technologischen Entscheidungen nicht nur strategisch und effizient, sondern auch robust und perfekt auf Ihre spezifischen Bed\u00fcrfnisse abgestimmt sind. Wir helfen Ihnen, sich auf dem IoT-Markt zurechtzufinden und Entscheidungen zu treffen, die den besten Wert und die beste Leistung f\u00fcr Ihre Investition bieten.<\/p>\n\n\n\n<div class=\"wp-block-buttons is-layout-flex wp-block-buttons-is-layout-flex\">\n<div class=\"wp-block-button\"><a class=\"wp-block-button__link wp-element-button\">ein Angebot einholen: +41 61 55 14 107<\/a><\/div>\n<\/div>\n<\/div>\n\n\n\n<div class=\"wp-block-column is-layout-flow wp-block-column-is-layout-flow\">\n<h2 class=\"wp-block-heading\">F\u00fcr Hersteller:<br\/>Ger\u00e4te- und Plattformtests<\/h2>\n\n\n\n<p>CHF 450.-\/h<\/p>\n\n\n\n<p>Um sich auf dem sich schnell entwickelnden IoT-Markt von der Konkurrenz abzuheben, ist ein tiefes Verst\u00e4ndnis sowohl der Wettbewerbslandschaft als auch der Kundenbed\u00fcrfnisse erforderlich. Wir bieten einen spezialisierten, auf Hersteller zugeschnittenen Service, der sich auf umfassende Ger\u00e4te- und Plattformtests konzentriert.<\/p>\n\n\n\n<p>Dank unserer umfassenden Erfahrung mit Ger\u00e4tetests und der Bewertung von Hunderten von IoT-Ger\u00e4ten verf\u00fcgen wir \u00fcber ein unvergleichliches Wissen \u00fcber die Angebote und Strategien anderer Hersteller. Dank dieses Fachwissens sind wir in der Lage, eine gr\u00fcndliche und aufschlussreiche Untersuchung Ihrer Ger\u00e4te und Plattformen durchzuf\u00fchren.<\/p>\n\n\n\n<p>Unser Testverfahren identifiziert nicht nur verbesserungsw\u00fcrdige Bereiche, sondern liefert auch eine vergleichende Analyse mit \u00e4hnlichen Ger\u00e4ten auf dem Markt. Wir vermitteln Ihnen ein klares und umfassendes Bild davon, wo Ihr Produkt steht und wohin es gehen kann.<\/p>\n\n\n\n<p>Aber unser Service geht \u00fcber die reine Pr\u00fcfung hinaus. Wir glauben an einen kundenorientierten Ansatz und dank unserer praktischen Erfahrung in der IoT-Einzelhandelsbranche wissen wir, was Kunden wirklich wollen. Wir stellen sicher, dass diese wichtigen Informationen in Ihr Produktdesign und Ihre Funktionen einflie\u00dfen und Ihnen helfen, ein Produkt zu entwickeln, das Ihre Zielgruppe wirklich anspricht.<\/p>\n\n\n\n<p>Entscheiden Sie sich f\u00fcr unseren Service zum Testen von Ger\u00e4ten und Plattformen und gewinnen Sie die Erkenntnisse, die Sie ben\u00f6tigen, um Ihr Produkt zu verbessern, seine Wettbewerbsf\u00e4higkeit zu steigern und die Bed\u00fcrfnisse Ihrer Kunden besser zu erf\u00fcllen. Gemeinsam k\u00f6nnen wir die Zukunft der IoT-Technologie gestalten.<\/p>\n\n\n\n<div class=\"wp-block-buttons is-layout-flex wp-block-buttons-is-layout-flex\">\n<div class=\"wp-block-button\"><a class=\"wp-block-button__link wp-element-button\">ein Angebot einholen: +41 61 55 14 107<\/a><\/div>\n<\/div>\n<\/div>\n<\/div>\n\n<hr class=\"wp-block-separator has-alpha-channel-opacity\"\/>\n\n<div class=\"wp-block-columns is-layout-flex wp-container-core-columns-is-layout-28f84493 wp-block-columns-is-layout-flex\">\n<div class=\"wp-block-column is-layout-flow wp-block-column-is-layout-flow\">\n<h2 class=\"wp-block-heading\">IoT-Strategieentwicklung<\/h2>\n\n\n\n<p>CHF 350.-\/h<\/p>\n\n\n\n<p>Unser umfassender Service zur Entwicklung einer IoT-Strategie ist so konzipiert, dass er sich an den Zielen Ihres Unternehmens orientiert und Ihren Markt, Ihre Kundenbed\u00fcrfnisse und den Wettbewerb ber\u00fccksichtigt. Wir nutzen unser umfassendes Branchenwissen, um eine zukunftssichere Strategie zu entwickeln, die sicherstellt, dass Sie auf die sich st\u00e4ndig weiterentwickelnde IoT-Landschaft gut vorbereitet sind.<\/p>\n\n\n\n<div class=\"wp-block-buttons is-layout-flex wp-block-buttons-is-layout-flex\">\n<div class=\"wp-block-button\"><a class=\"wp-block-button__link wp-element-button\">ein Angebot einholen: +41 61 55 14 107<\/a><\/div>\n<\/div>\n<\/div>\n\n\n\n<div class=\"wp-block-column is-layout-flow wp-block-column-is-layout-flow\">\n<h2 class=\"wp-block-heading\">IoT-Schulung und -Ausbildung<\/h2>\n\n\n\n<p>CHF 340.-\/h<\/p>\n\n\n\n<p>Wir bieten praxisnahe, ma\u00dfgeschneiderte Schulungen zu verschiedenen Aspekten der IoT-Technologien und ihrer Anwendungen an. Unser Training ist nicht nur technisch, sondern konzentriert sich auch auf das Gesch\u00e4ftspotenzial des IoT und vermittelt Ihrem Team ein umfassendes Verst\u00e4ndnis f\u00fcr die Realit\u00e4ten und M\u00f6glichkeiten in diesem Bereich.<\/p>\n\n\n\n<div class=\"wp-block-buttons is-layout-flex wp-block-buttons-is-layout-flex\">\n<div class=\"wp-block-button\"><a class=\"wp-block-button__link wp-element-button\">ein Angebot einholen: +41 61 55 14 107<\/a><\/div>\n<\/div>\n<\/div>\n<\/div>\n\n<hr class=\"wp-block-separator has-alpha-channel-opacity\"\/>\n\n<div class=\"wp-block-columns is-layout-flex wp-container-core-columns-is-layout-28f84493 wp-block-columns-is-layout-flex\">\n<div class=\"wp-block-column is-layout-flow wp-block-column-is-layout-flow\">\n<h2 class=\"wp-block-heading\">Architektur Design<\/h2>\n\n\n\n<p>CHF 350.-\/h<\/p>\n\n\n\n<p>Ein effektives IoT-System erfordert eine skalierbare, sichere Architektur, die komplexe Anforderungen erf\u00fcllen kann. Wir entwerfen und entwickeln IoT-Architekturen, die nicht nur Ihre aktuellen Anforderungen erf\u00fcllen, sondern auch f\u00fcr zuk\u00fcnftiges Wachstum und Ver\u00e4nderungen ger\u00fcstet sind.<\/p>\n\n\n\n<div class=\"wp-block-buttons is-layout-flex wp-block-buttons-is-layout-flex\">\n<div class=\"wp-block-button\"><a class=\"wp-block-button__link wp-element-button\">ein Angebot einholen: +41 61 55 14 107<\/a><\/div>\n<\/div>\n<\/div>\n\n\n\n<div class=\"wp-block-column is-layout-flow wp-block-column-is-layout-flow\">\n<h2 class=\"wp-block-heading\"><\/h2>\n\n\n\n<p><\/p>\n\n\n\n<p><\/p>\n\n\n\n<div class=\"wp-block-buttons is-layout-flex wp-block-buttons-is-layout-flex\"><\/div>\n\n\n\n<hr class=\"wp-block-separator has-alpha-channel-opacity\"\/>\n<\/div>\n<\/div>\n\n<p><\/p>\n\n<p><\/p>\n\n<p><\/p>\n","protected":false},"excerpt":{"rendered":"<p>Unsere Dienstleistungen Mit seiner langj\u00e4hrigen Erfahrung in diesem Bereich hat sich Jan Sch\u00e4r den Ruf erworben, au\u00dfergew\u00f6hnliche Ergebnisse in der Technologieberatung zu erzielen und die physische mit der digitalen Welt zu verbinden, um eine intelligentere, effizientere und nachhaltigere Zukunft zu schaffen. Unser umfassender Hintergrund im Bau- und Wirtschaftsingenieurwesen, gepaart mit einem tiefen Verst\u00e4ndnis von IoT- [&hellip;]<\/p>\n","protected":false},"author":1,"featured_media":0,"parent":0,"menu_order":0,"comment_status":"closed","ping_status":"closed","template":"","meta":{"footnotes":""},"class_list":["post-171","page","type-page","status-publish","hentry"],"blocksy_meta":[],"_links":{"self":[{"href":"https:\/\/thingware.ch\/de\/wp-json\/wp\/v2\/pages\/171","targetHints":{"allow":["GET"]}}],"collection":[{"href":"https:\/\/thingware.ch\/de\/wp-json\/wp\/v2\/pages"}],"about":[{"href":"https:\/\/thingware.ch\/de\/wp-json\/wp\/v2\/types\/page"}],"author":[{"embeddable":true,"href":"https:\/\/thingware.ch\/de\/wp-json\/wp\/v2\/users\/1"}],"replies":[{"embeddable":true,"href":"https:\/\/thingware.ch\/de\/wp-json\/wp\/v2\/comments?post=171"}],"version-history":[{"count":6,"href":"https:\/\/thingware.ch\/de\/wp-json\/wp\/v2\/pages\/171\/revisions"}],"predecessor-version":[{"id":1414,"href":"https:\/\/thingware.ch\/de\/wp-json\/wp\/v2\/pages\/171\/revisions\/1414"}],"wp:attachment":[{"href":"https:\/\/thingware.ch\/de\/wp-json\/wp\/v2\/media?parent=171"}],"curies":[{"name":"wp","href":"https:\/\/api.w.org\/{rel}","templated":true}]}}