{"id":83,"date":"2023-05-25T07:40:23","date_gmt":"2023-05-25T07:40:23","guid":{"rendered":"https:\/\/thingware.ch\/titelseite\/"},"modified":"2024-06-04T08:38:02","modified_gmt":"2024-06-04T08:38:02","slug":"titelseite","status":"publish","type":"page","link":"https:\/\/thingware.ch\/de\/","title":{"rendered":"Startseite"},"content":{"rendered":"\n<div class=\"wp-block-columns is-layout-flex wp-container-core-columns-is-layout-dbcbca05 wp-block-columns-is-layout-flex\" style=\"padding-top:2vw;padding-right:0vw;padding-bottom:2vw;padding-left:0vw\">\n<div class=\"wp-block-column is-layout-flow wp-block-column-is-layout-flow\">\n<div class=\"wp-block-cover has-medium-font-size\" style=\"min-height:356px;aspect-ratio:unset;\"><span aria-hidden=\"true\" class=\"wp-block-cover__background has-background-dim-0 has-background-dim\"><\/span><img loading=\"lazy\" decoding=\"async\" width=\"2560\" height=\"1010\" class=\"wp-block-cover__image-background wp-image-1445\" alt=\"\" src=\"https:\/\/thingware.ch\/wp-content\/uploads\/2024\/06\/glow-background-scaled.jpg\" data-object-fit=\"cover\" srcset=\"https:\/\/thingware.ch\/wp-content\/uploads\/2024\/06\/glow-background-scaled.jpg 2560w, https:\/\/thingware.ch\/wp-content\/uploads\/2024\/06\/glow-background-300x118.jpg 300w, https:\/\/thingware.ch\/wp-content\/uploads\/2024\/06\/glow-background-1024x404.jpg 1024w, https:\/\/thingware.ch\/wp-content\/uploads\/2024\/06\/glow-background-768x303.jpg 768w, https:\/\/thingware.ch\/wp-content\/uploads\/2024\/06\/glow-background-1536x606.jpg 1536w, https:\/\/thingware.ch\/wp-content\/uploads\/2024\/06\/glow-background-2048x808.jpg 2048w\" sizes=\"auto, (max-width: 2560px) 100vw, 2560px\" \/><div class=\"wp-block-cover__inner-container is-layout-flow wp-block-cover-is-layout-flow\">\n<p class=\"has-text-align-center has-large-font-size\">VERNETZUNG F\u00dcR EINE DIGITALE REVOLUTION<\/p>\n<\/div><\/div>\n<\/div>\n<\/div>\n\n<div class=\"wp-block-group is-layout-constrained wp-container-core-group-is-layout-50ba0692 wp-block-group-is-layout-constrained\" style=\"padding-right:2vw;padding-left:2vw\">\n<p class=\"has-medium-font-size\">Wie ein unerforschter Abenteuerspielplatz strotzt das Internet der Dinge (IoT) vor Potenzial und Versprechen. Jedes Ger\u00e4t, jede Maschine und jedes System stellt eine neue M\u00f6glichkeit dar, unsere Welt auf bisher unvorstellbare Weise zu verbessern und zu vernetzen.<\/p>\n\n\n\n<h2 class=\"wp-block-heading has-bigger-font-size\" style=\"padding-top:0vw;padding-right:3vw;padding-bottom:2vw;padding-left:5vw;line-height:1.3;text-transform:uppercase\">Was wir anbieten<\/h2>\n\n\n\n<div class=\"wp-block-columns is-layout-flex wp-container-core-columns-is-layout-28f84493 wp-block-columns-is-layout-flex\" style=\"border-top-color:var(--wp--preset--color--one);border-top-width:1px;border-right-style:none;border-right-width:0px;border-bottom-color:var(--wp--preset--color--one);border-bottom-width:1px;border-left-style:none;border-left-width:0px\">\n<div class=\"wp-block-column mobile-border-none is-layout-flow wp-block-column-is-layout-flow\" style=\"border-right-color:var(--wp--preset--color--one);border-right-width:1px;flex-basis:65%\">\n<h2 class=\"wp-block-heading has-large-font-size\" style=\"padding-top:3vw;padding-right:3vw;padding-bottom:3vw;padding-left:5vw;line-height:1.3;text-transform:uppercase\">Entwicklung einer IoT-Strategie<\/h2>\n<\/div>\n\n\n\n<div class=\"wp-block-column is-layout-flow wp-block-column-is-layout-flow\" style=\"flex-basis:35%\">\n<p class=\"has-medium-font-size\" style=\"padding-top:3vw;padding-right:3vw;padding-bottom:3vw;padding-left:3vw;line-height:1.3\">Entwicklung einer umfassenden IoT-Strategie<br\/><a href=\"https:\/\/thingware.ch\/services\/\" data-type=\"page\" data-id=\"167\">Mehr erfahren<\/a><\/p>\n<\/div>\n<\/div>\n\n\n\n<div class=\"wp-block-columns is-layout-flex wp-container-core-columns-is-layout-28f84493 wp-block-columns-is-layout-flex\" style=\"border-top-color:var(--wp--preset--color--one);border-top-width:1px;border-right-style:none;border-right-width:0px;border-bottom-color:var(--wp--preset--color--one);border-bottom-width:1px;border-left-style:none;border-left-width:0px\">\n<div class=\"wp-block-column mobile-border-none is-layout-flow wp-block-column-is-layout-flow\" style=\"border-right-color:var(--wp--preset--color--one);border-right-width:1px;flex-basis:65%\">\n<h2 class=\"wp-block-heading has-large-font-size\" style=\"padding-top:3vw;padding-right:3vw;padding-bottom:3vw;padding-left:5vw;line-height:1.3;text-transform:uppercase\">Wahl der Technologie<\/h2>\n<\/div>\n\n\n\n<div class=\"wp-block-column is-layout-flow wp-block-column-is-layout-flow\" style=\"flex-basis:35%\">\n<p class=\"has-medium-font-size\" style=\"padding-top:3vw;padding-right:3vw;padding-bottom:3vw;padding-left:3vw;line-height:1.3\">Unterst\u00fctzung bei der Auswahl geeigneter IoT-Plattformen, Protokolle und Technologien<br\/><a href=\"https:\/\/thingware.ch\/about-us\/\" data-type=\"page\" data-id=\"2\"><\/a><a href=\"https:\/\/thingware.ch\/services\/\" data-type=\"page\" data-id=\"167\">Mehr erfahren<\/a><\/p>\n<\/div>\n<\/div>\n\n\n\n<div class=\"wp-block-columns is-layout-flex wp-container-core-columns-is-layout-28f84493 wp-block-columns-is-layout-flex\" style=\"border-top-color:var(--wp--preset--color--one);border-top-width:1px;border-right-style:none;border-right-width:0px;border-bottom-color:var(--wp--preset--color--one);border-bottom-width:1px;border-left-style:none;border-left-width:0px\">\n<div class=\"wp-block-column mobile-border-none is-layout-flow wp-block-column-is-layout-flow\" style=\"border-right-color:var(--wp--preset--color--one);border-right-width:1px;flex-basis:65%\">\n<h2 class=\"wp-block-heading has-large-font-size\" style=\"padding-top:3vw;padding-right:3vw;padding-bottom:3vw;padding-left:5vw;line-height:1.3;text-transform:uppercase\">Architektur Design<\/h2>\n<\/div>\n\n\n\n<div class=\"wp-block-column is-layout-flow wp-block-column-is-layout-flow\" style=\"flex-basis:35%\">\n<p class=\"has-medium-font-size\" style=\"padding-top:3vw;padding-right:3vw;padding-bottom:3vw;padding-left:3vw;line-height:1.3\">Entwurf und Entwicklung einer skalierbaren und sicheren IoT-Architektur<br\/><a href=\"https:\/\/thingware.ch\/about-us\/\" data-type=\"page\" data-id=\"2\"><\/a><a href=\"https:\/\/thingware.ch\/services\/\" data-type=\"page\" data-id=\"167\">Mehr erfahren<\/a><\/p>\n<\/div>\n<\/div>\n\n\n\n<div class=\"wp-block-columns is-layout-flex wp-container-core-columns-is-layout-28f84493 wp-block-columns-is-layout-flex\" style=\"border-top-color:var(--wp--preset--color--one);border-top-width:1px;border-right-style:none;border-right-width:0px;border-bottom-color:var(--wp--preset--color--one);border-bottom-width:1px;border-left-style:none;border-left-width:0px\">\n<div class=\"wp-block-column mobile-border-none is-layout-flow wp-block-column-is-layout-flow\" style=\"border-right-color:var(--wp--preset--color--one);border-right-width:1px;flex-basis:65%\">\n<h2 class=\"wp-block-heading has-large-font-size\" style=\"padding-top:3vw;padding-right:3vw;padding-bottom:3vw;padding-left:5vw;line-height:1.3;text-transform:uppercase\">IoT-Schulung und -Ausbildung<\/h2>\n<\/div>\n\n\n\n<div class=\"wp-block-column is-layout-flow wp-block-column-is-layout-flow\" style=\"flex-basis:35%\">\n<p class=\"has-medium-font-size\" style=\"padding-top:3vw;padding-right:3vw;padding-bottom:3vw;padding-left:3vw;line-height:1.3\">Praktisches Training zu IoT-Technologien und -Anwendungen, Verst\u00e4ndnis f\u00fcr die Realit\u00e4ten des IoT und dessen Gesch\u00e4ftspotenziale<br\/><a href=\"https:\/\/thingware.ch\/about-us\/\" data-type=\"page\" data-id=\"2\"><\/a><a href=\"https:\/\/thingware.ch\/services\/\" data-type=\"page\" data-id=\"167\">Mehr erfahren<\/a><\/p>\n<\/div>\n<\/div>\n<\/div>\n\n<p class=\"has-medium-font-size\">Entdecken Sie die aufregende Welt der Digitalisierung \u00fcber IoT mit Thingware. Wir sind hier, um Ihnen mit unserer f\u00fchrenden Expertise im IoT Consulting zu helfen. Von ma\u00dfgeschneiderten L\u00f6sungen bis hin zu umfassender Beratung &#8211; wir helfen Ihnen, Ihre Ziele in der vernetzten Zukunft zu erreichen.<\/p>\n","protected":false},"excerpt":{"rendered":"<p>Wie ein unerforschter Abenteuerspielplatz strotzt das Internet der Dinge (IoT) vor Potenzial und Versprechen. Jedes Ger\u00e4t, jede Maschine und jedes System stellt eine neue M\u00f6glichkeit dar, unsere Welt auf bisher unvorstellbare Weise zu verbessern und zu vernetzen. Was wir anbieten Entwicklung einer IoT-Strategie Entwicklung einer umfassenden IoT-StrategieMehr erfahren Wahl der Technologie Unterst\u00fctzung bei der Auswahl [&hellip;]<\/p>\n","protected":false},"author":1,"featured_media":0,"parent":0,"menu_order":0,"comment_status":"closed","ping_status":"closed","template":"","meta":{"footnotes":""},"class_list":["post-83","page","type-page","status-publish","hentry"],"blocksy_meta":[],"_links":{"self":[{"href":"https:\/\/thingware.ch\/de\/wp-json\/wp\/v2\/pages\/83","targetHints":{"allow":["GET"]}}],"collection":[{"href":"https:\/\/thingware.ch\/de\/wp-json\/wp\/v2\/pages"}],"about":[{"href":"https:\/\/thingware.ch\/de\/wp-json\/wp\/v2\/types\/page"}],"author":[{"embeddable":true,"href":"https:\/\/thingware.ch\/de\/wp-json\/wp\/v2\/users\/1"}],"replies":[{"embeddable":true,"href":"https:\/\/thingware.ch\/de\/wp-json\/wp\/v2\/comments?post=83"}],"version-history":[{"count":19,"href":"https:\/\/thingware.ch\/de\/wp-json\/wp\/v2\/pages\/83\/revisions"}],"predecessor-version":[{"id":1480,"href":"https:\/\/thingware.ch\/de\/wp-json\/wp\/v2\/pages\/83\/revisions\/1480"}],"wp:attachment":[{"href":"https:\/\/thingware.ch\/de\/wp-json\/wp\/v2\/media?parent=83"}],"curies":[{"name":"wp","href":"https:\/\/api.w.org\/{rel}","templated":true}]}}