{"id":1415,"date":"2023-06-29T09:18:59","date_gmt":"2023-06-29T09:18:59","guid":{"rendered":"https:\/\/thingware.ch\/nos-services\/"},"modified":"2023-06-30T14:40:42","modified_gmt":"2023-06-30T14:40:42","slug":"nos-services","status":"publish","type":"page","link":"https:\/\/thingware.ch\/fr\/nos-services\/","title":{"rendered":"Nos services"},"content":{"rendered":"\n<h1 class=\"wp-block-heading\">Nos services<\/h1>\n\n<p>Avec des ann\u00e9es d&#8217;exp\u00e9rience dans le domaine, Jan Sch\u00e4r s&#8217;est forg\u00e9 une r\u00e9putation pour ses r\u00e9sultats exceptionnels en mati\u00e8re de conseil technologique, fusionnant le physique et le num\u00e9rique pour cr\u00e9er un avenir plus intelligent, plus efficace et plus durable.<\/p>\n\n<p>Notre vaste exp\u00e9rience en g\u00e9nie civil et industriel, associ\u00e9e \u00e0 une compr\u00e9hension approfondie des applications IoT et IIoT, nous permet d&#8217;offrir une perspective unique et une expertise \u00e9prouv\u00e9e \u00e0 votre organisation. Que vous soyez une entreprise \u00e9tablie cherchant \u00e0 innover ou une start-up cherchant \u00e0 perturber, nous pouvons vous aider \u00e0 naviguer dans les complexit\u00e9s de la technologie IoT.<\/p>\n\n<p>D\u00e9couvrez notre gamme vari\u00e9e de services, chacun adapt\u00e9 \u00e0 vos besoins uniques et disponible sur une base horaire :<\/p>\n\n<hr class=\"wp-block-separator has-alpha-channel-opacity\"\/>\n\n<div class=\"wp-block-columns is-layout-flex wp-container-core-columns-is-layout-28f84493 wp-block-columns-is-layout-flex\">\n<div class=\"wp-block-column is-layout-flow wp-block-column-is-layout-flow\">\n<h2 class=\"wp-block-heading\">Choix de la technologie<\/h2>\n\n\n\n<p>350 CHF\/h<\/p>\n\n\n\n<p>Le choix des bonnes plateformes, protocoles et technologies IdO est essentiel \u00e0 la r\u00e9ussite de vos initiatives IdO. Les cons\u00e9quences d&#8217;un mauvais choix peuvent \u00eatre graves, entra\u00eenant des milliers de francs suisses de pertes et de pertes de temps et d&#8217;efforts. En outre, l&#8217;expansion du march\u00e9 de l&#8217;IdO est souvent source de confusion, de nombreuses personnes pensant qu&#8217;aucun dispositif existant ne peut r\u00e9pondre \u00e0 leurs besoins sp\u00e9cifiques et commen\u00e7ant \u00e0 d\u00e9velopper leurs propres dispositifs, souvent inutilement.<\/p>\n\n\n\n<p>Tirez parti de notre point de vue unique, acquis gr\u00e2ce \u00e0 notre exp\u00e9rience de premi\u00e8re main dans la gestion de ShopOfThings.ch, l&#8217;une des plus grandes places de march\u00e9 de l&#8217;IdO. Notre connaissance du monde des produits IoT est inestimable &#8211; nous savons ce qui fonctionne et ce qui ne fonctionne pas, et nous avons une connaissance approfondie de la qualit\u00e9, de la disponibilit\u00e9 et des limites d&#8217;une large gamme de mat\u00e9riel.<\/p>\n\n\n\n<p>En utilisant ces connaissances, nous fournissons des conseils d&#8217;experts et un soutien dans la prise de ces d\u00e9cisions technologiques critiques, vous \u00e9vitant ainsi des pertes potentielles et des faux pas. Nous identifions souvent des solutions existantes que vous ne connaissez pas, ce qui \u00e9vite un d\u00e9veloppement personnalis\u00e9 co\u00fbteux et fastidieux.<\/p>\n\n\n\n<p>Notre objectif est de veiller \u00e0 ce que vos choix technologiques soient non seulement strat\u00e9giques et efficaces, mais aussi robustes et parfaitement adapt\u00e9s \u00e0 vos besoins sp\u00e9cifiques. Nous vous aidons \u00e0 naviguer sur le march\u00e9 de l&#8217;IdO et \u00e0 faire des choix qui offrent la meilleure valeur et la meilleure performance pour votre investissement.<\/p>\n\n\n\n<div class=\"wp-block-buttons is-layout-flex wp-block-buttons-is-layout-flex\">\n<div class=\"wp-block-button\"><a class=\"wp-block-button__link wp-element-button\">obtenir une offre : +41 61 55 14 107<\/a><\/div>\n<\/div>\n<\/div>\n\n\n\n<div class=\"wp-block-column is-layout-flow wp-block-column-is-layout-flow\">\n<h2 class=\"wp-block-heading\">Pour les fabricants :<br\/>Tests de dispositifs et de plates-formes<\/h2>\n\n\n\n<p>CHF 450.-\/h<\/p>\n\n\n\n<p>Sur le march\u00e9 de l&#8217;IdO, qui \u00e9volue rapidement, s&#8217;assurer que son produit se d\u00e9marque n\u00e9cessite une compr\u00e9hension approfondie du paysage concurrentiel et des besoins des clients. Nous fournissons un service sp\u00e9cialis\u00e9 adapt\u00e9 aux fabricants, ax\u00e9 sur des tests complets de dispositifs et de plates-formes.<\/p>\n\n\n\n<p>Gr\u00e2ce \u00e0 notre vaste exp\u00e9rience en mati\u00e8re de tests d&#8217;appareils et \u00e0 l&#8217;\u00e9valuation de centaines d&#8217;appareils IoT, nous avons acquis une connaissance in\u00e9gal\u00e9e des offres et des strat\u00e9gies des autres fabricants. Cette expertise nous permet de proc\u00e9der \u00e0 un examen approfondi et perspicace de vos appareils et plateformes.<\/p>\n\n\n\n<p>Notre processus de test permet non seulement d&#8217;identifier les points \u00e0 am\u00e9liorer, mais aussi d&#8217;effectuer une analyse comparative avec des appareils similaires sur le march\u00e9. Nous vous pr\u00e9sentons une image claire et compl\u00e8te de la situation de votre produit et de son potentiel.<\/p>\n\n\n\n<p>Mais notre service va au-del\u00e0 des simples tests. Nous croyons en une approche centr\u00e9e sur le client et, gr\u00e2ce \u00e0 notre exp\u00e9rience pratique dans le secteur de la vente au d\u00e9tail d&#8217;IdO, nous comprenons ce que les clients veulent vraiment. Nous veillons \u00e0 ce que ces informations essentielles soient prises en compte dans la conception de votre produit et de ses caract\u00e9ristiques, afin de vous aider \u00e0 cr\u00e9er un produit qui trouve un v\u00e9ritable \u00e9cho aupr\u00e8s de votre march\u00e9 cible.<\/p>\n\n\n\n<p>Choisissez notre service de test de dispositifs et de plateformes et obtenez les informations dont vous avez besoin pour affiner votre produit, am\u00e9liorer sa comp\u00e9titivit\u00e9 et r\u00e9pondre plus efficacement aux besoins de vos clients. Ensemble, nous pouvons fa\u00e7onner l&#8217;avenir de la technologie IdO.<\/p>\n\n\n\n<div class=\"wp-block-buttons is-layout-flex wp-block-buttons-is-layout-flex\">\n<div class=\"wp-block-button\"><a class=\"wp-block-button__link wp-element-button\">obtenir une offre : +41 61 55 14 107<\/a><\/div>\n<\/div>\n<\/div>\n<\/div>\n\n<hr class=\"wp-block-separator has-alpha-channel-opacity\"\/>\n\n<div class=\"wp-block-columns is-layout-flex wp-container-core-columns-is-layout-28f84493 wp-block-columns-is-layout-flex\">\n<div class=\"wp-block-column is-layout-flow wp-block-column-is-layout-flow\">\n<h2 class=\"wp-block-heading\">D\u00e9veloppement d&#8217;une strat\u00e9gie IdO<\/h2>\n\n\n\n<p>350 CHF\/h<\/p>\n\n\n\n<p>Notre service complet de d\u00e9veloppement de strat\u00e9gies IoT est con\u00e7u pour s&#8217;aligner sur les objectifs de votre organisation, en tenant compte de votre march\u00e9, des besoins de vos clients et de la concurrence. Nous nous appuyons sur notre vaste connaissance du secteur pour cr\u00e9er une strat\u00e9gie \u00e0 l&#8217;\u00e9preuve du temps qui vous permettra d&#8217;\u00eatre bien pr\u00e9par\u00e9 pour faire face \u00e0 l&#8217;\u00e9volution constante du paysage de l&#8217;IdO.<\/p>\n\n\n\n<div class=\"wp-block-buttons is-layout-flex wp-block-buttons-is-layout-flex\">\n<div class=\"wp-block-button\"><a class=\"wp-block-button__link wp-element-button\">obtenir une offre : +41 61 55 14 107<\/a><\/div>\n<\/div>\n<\/div>\n\n\n\n<div class=\"wp-block-column is-layout-flow wp-block-column-is-layout-flow\">\n<h2 class=\"wp-block-heading\">Formation et \u00e9ducation \u00e0 l&#8217;IdO<\/h2>\n\n\n\n<p>340 CHF\/h<\/p>\n\n\n\n<p>Nous proposons des sessions de formation pratiques et personnalis\u00e9es sur divers aspects des technologies de l&#8217;IdO et de leurs applications. Notre formation n&#8217;est pas seulement technique mais se concentre \u00e9galement sur le potentiel commercial de l&#8217;IdO, offrant \u00e0 votre \u00e9quipe une compr\u00e9hension compl\u00e8te des r\u00e9alit\u00e9s et des opportunit\u00e9s dans ce domaine.<\/p>\n\n\n\n<div class=\"wp-block-buttons is-layout-flex wp-block-buttons-is-layout-flex\">\n<div class=\"wp-block-button\"><a class=\"wp-block-button__link wp-element-button\">obtenir une offre : +41 61 55 14 107<\/a><\/div>\n<\/div>\n<\/div>\n<\/div>\n\n<hr class=\"wp-block-separator has-alpha-channel-opacity\"\/>\n\n<div class=\"wp-block-columns is-layout-flex wp-container-core-columns-is-layout-28f84493 wp-block-columns-is-layout-flex\">\n<div class=\"wp-block-column is-layout-flow wp-block-column-is-layout-flow\">\n<h2 class=\"wp-block-heading\">Conception de l&#8217;architecture<\/h2>\n\n\n\n<p>350 CHF\/h<\/p>\n\n\n\n<p>Un syst\u00e8me IoT efficace n\u00e9cessite une architecture \u00e9volutive et s\u00e9curis\u00e9e capable de r\u00e9pondre \u00e0 des demandes complexes. Nous concevons et d\u00e9veloppons des architectures IoT qui non seulement r\u00e9pondent \u00e0 vos besoins actuels, mais qui sont \u00e9galement pr\u00eates pour la croissance et les changements futurs.<\/p>\n\n\n\n<div class=\"wp-block-buttons is-layout-flex wp-block-buttons-is-layout-flex\">\n<div class=\"wp-block-button\"><a class=\"wp-block-button__link wp-element-button\">obtenir une offre : +41 61 55 14 107<\/a><\/div>\n<\/div>\n<\/div>\n\n\n\n<div class=\"wp-block-column is-layout-flow wp-block-column-is-layout-flow\">\n<h2 class=\"wp-block-heading\"><\/h2>\n\n\n\n<p><\/p>\n\n\n\n<p><\/p>\n\n\n\n<div class=\"wp-block-buttons is-layout-flex wp-block-buttons-is-layout-flex\"><\/div>\n\n\n\n<hr class=\"wp-block-separator has-alpha-channel-opacity\"\/>\n<\/div>\n<\/div>\n\n<p><\/p>\n\n<p><\/p>\n\n<p><\/p>\n","protected":false},"excerpt":{"rendered":"<p>Nos services Avec des ann\u00e9es d&#8217;exp\u00e9rience dans le domaine, Jan Sch\u00e4r s&#8217;est forg\u00e9 une r\u00e9putation pour ses r\u00e9sultats exceptionnels en mati\u00e8re de conseil technologique, fusionnant le physique et le num\u00e9rique pour cr\u00e9er un avenir plus intelligent, plus efficace et plus durable. Notre vaste exp\u00e9rience en g\u00e9nie civil et industriel, associ\u00e9e \u00e0 une compr\u00e9hension approfondie des [&hellip;]<\/p>\n","protected":false},"author":1,"featured_media":0,"parent":0,"menu_order":0,"comment_status":"closed","ping_status":"closed","template":"","meta":{"footnotes":""},"class_list":["post-1415","page","type-page","status-publish","hentry"],"blocksy_meta":[],"_links":{"self":[{"href":"https:\/\/thingware.ch\/fr\/wp-json\/wp\/v2\/pages\/1415","targetHints":{"allow":["GET"]}}],"collection":[{"href":"https:\/\/thingware.ch\/fr\/wp-json\/wp\/v2\/pages"}],"about":[{"href":"https:\/\/thingware.ch\/fr\/wp-json\/wp\/v2\/types\/page"}],"author":[{"embeddable":true,"href":"https:\/\/thingware.ch\/fr\/wp-json\/wp\/v2\/users\/1"}],"replies":[{"embeddable":true,"href":"https:\/\/thingware.ch\/fr\/wp-json\/wp\/v2\/comments?post=1415"}],"version-history":[{"count":4,"href":"https:\/\/thingware.ch\/fr\/wp-json\/wp\/v2\/pages\/1415\/revisions"}],"predecessor-version":[{"id":1419,"href":"https:\/\/thingware.ch\/fr\/wp-json\/wp\/v2\/pages\/1415\/revisions\/1419"}],"wp:attachment":[{"href":"https:\/\/thingware.ch\/fr\/wp-json\/wp\/v2\/media?parent=1415"}],"curies":[{"name":"wp","href":"https:\/\/api.w.org\/{rel}","templated":true}]}}