{"id":17,"date":"2023-05-23T05:41:08","date_gmt":"2023-05-23T05:41:08","guid":{"rendered":"https:\/\/thingware.ch\/page-dexemple\/"},"modified":"2023-06-30T14:40:46","modified_gmt":"2023-06-30T14:40:46","slug":"page-dexemple","status":"publish","type":"page","link":"https:\/\/thingware.ch\/fr\/page-dexemple\/","title":{"rendered":"A propos de nous"},"content":{"rendered":"\n<h1 class=\"wp-block-heading\">A propos de nous<\/h1>\n\n<h2 class=\"wp-block-heading\">Thingware GmbH<\/h2>\n\n<p>Chez Thingware, nous sommes \u00e0 la pointe de l&#8217;exploitation du potentiel de l&#8217;Internet des objets (IoT) et de l&#8217;Internet industriel des objets (IIoT). Notre mission est de permettre aux entreprises d&#8217;\u00e9voluer et de prosp\u00e9rer dans cette \u00e8re num\u00e9riquement connect\u00e9e.<\/p>\n\n<p>Fond\u00e9e par Jan Sch\u00e4r, un consultant IoT chevronn\u00e9 avec une riche formation en g\u00e9nie civil et industriel, notre soci\u00e9t\u00e9 apporte plus de deux d\u00e9cennies d&#8217;exp\u00e9rience et une compr\u00e9hension unique de la fa\u00e7on dont les mondes num\u00e9rique et physique se croisent. Le parcours entrepreneurial de Jan, y compris le lancement r\u00e9ussi de l&#8217;une des plus grandes places de march\u00e9 IoT, ShopOfThings.ch en 2017, et son leadership chez Thingware LLC, conf\u00e8rent \u00e0 nos services une expertise sectorielle in\u00e9gal\u00e9e.<\/p>\n\n<p>Notre gamme vari\u00e9e de services de conseil, allant du d\u00e9veloppement de la strat\u00e9gie IoT, de la s\u00e9lection des technologies, de la conception de l&#8217;architecture \u00e0 la formation pratique, est con\u00e7ue pour r\u00e9pondre aux besoins uniques de chaque entreprise. Nos clients sont issus de diff\u00e9rents secteurs, qu&#8217;il s&#8217;agisse de startups visant \u00e0 bouleverser le secteur ou d&#8217;entreprises bien \u00e9tablies d\u00e9sireuses d&#8217;innover et d&#8217;am\u00e9liorer leurs op\u00e9rations.<\/p>\n\n<p>Chez Thingware, nous croyons en la cr\u00e9ation d&#8217;un avenir intelligent, efficace et durable. Nous le faisons en aidant nos clients \u00e0 naviguer dans les complexit\u00e9s de l&#8217;IdO, en les guidant pour qu&#8217;ils tirent le meilleur parti de cette technologie transformatrice.<\/p>\n\n<p>Rejoignez-nous pour fa\u00e7onner le paysage technologique de demain. Gr\u00e2ce \u00e0 notre vaste base de connaissances et \u00e0 votre passion, nous sommes convaincus de pouvoir cr\u00e9er un avenir plus lumineux et mieux connect\u00e9.<\/p>\n\n<figure class=\"wp-block-image aligncenter size-large is-resized\"><img loading=\"lazy\" decoding=\"async\" src=\"https:\/\/thingware.ch\/wp-content\/uploads\/2023\/06\/thingware-organigram-1024x537.jpg\" alt=\"\" class=\"wp-image-161\" width=\"1024\" height=\"537\" srcset=\"https:\/\/thingware.ch\/wp-content\/uploads\/2023\/06\/thingware-organigram-1024x537.jpg 1024w, https:\/\/thingware.ch\/wp-content\/uploads\/2023\/06\/thingware-organigram-300x157.jpg 300w, https:\/\/thingware.ch\/wp-content\/uploads\/2023\/06\/thingware-organigram-768x402.jpg 768w, https:\/\/thingware.ch\/wp-content\/uploads\/2023\/06\/thingware-organigram-1536x805.jpg 1536w, https:\/\/thingware.ch\/wp-content\/uploads\/2023\/06\/thingware-organigram.jpg 1901w\" sizes=\"auto, (max-width: 1024px) 100vw, 1024px\" \/><\/figure>\n\n<h2 class=\"wp-block-heading\">Jan Sch\u00e4r, consultant IoT<\/h2>\n\n<p>Bonjour, je suis ravie de vous rencontrer. Riche d&#8217;une exp\u00e9rience de plus de vingt ans, j&#8217;ai consacr\u00e9 ma vie \u00e0 transformer la fa\u00e7on dont nous utilisons et percevons la technologie.<\/p>\n\n<p>J&#8217;ai commenc\u00e9 par \u00e9tudier le g\u00e9nie civil, une d\u00e9cision qui m&#8217;a conduit \u00e0 une carri\u00e8re enrichissante de 15 ans en tant qu&#8217;ing\u00e9nieur civil sur de grands projets de construction. J&#8217;ai assist\u00e9 \u00e0 la naissance de grandes structures, devenant partie int\u00e9grante de leur existence. Mais je n&#8217;\u00e9tais pas un simple observateur passif ; mes mains et mon esprit \u00e9taient profond\u00e9ment impliqu\u00e9s dans le processus de cr\u00e9ation. En tant que d\u00e9veloppeur full-stack depuis plus de vingt ans, j&#8217;ai \u00e9galement particip\u00e9 \u00e0 divers projets, dont certains co\u00efncidaient avec ces grands projets de construction. Ma compr\u00e9hension des aspects pratiques de la construction et ma ma\u00eetrise instinctive du code s&#8217;entrem\u00ealent pour former une compr\u00e9hension unique du monde physique et num\u00e9rique.<\/p>\n\n<p>Ma qu\u00eate de connaissances ne s&#8217;est pas arr\u00eat\u00e9e au g\u00e9nie civil et au codage. J&#8217;ai ensuite obtenu un dipl\u00f4me d&#8217;ing\u00e9nieur industriel. Au cours des six derni\u00e8res ann\u00e9es, je me suis plong\u00e9 dans le monde en constante \u00e9volution de l&#8217;IoT, et j&#8217;ai pass\u00e9 les quatre derni\u00e8res ann\u00e9es dans une grande entreprise. Ici, j&#8217;ai pu d\u00e9velopper et affiner ma compr\u00e9hension de l&#8217;IoT et de l&#8217;IIoT, en acqu\u00e9rant des connaissances pr\u00e9cieuses sur leur application dans les entreprises de taille moyenne \u00e0 grande.<\/p>\n\n<p>L&#8217;entrepreneuriat a toujours \u00e9t\u00e9 une de mes passions, et il y a six ans, j&#8217;ai concr\u00e9tis\u00e9 cette passion en fondant ShopOfThings.ch. Cette plateforme est devenue l&#8217;une des plus grandes places de march\u00e9 pour les produits IoT et, depuis trois ans, j&#8217;ai le privil\u00e8ge de diriger Thingware LLC, la soci\u00e9t\u00e9 m\u00e8re de ShopOfThings.<\/p>\n\n<p>Tout au long de ma carri\u00e8re, j&#8217;ai toujours cru au pouvoir d&#8217;une connaissance \u00e9tendue. C&#8217;est pourquoi je ne me limite pas \u00e0 des questions pratiques ou architecturales. Je me penche plut\u00f4t sur les questions de planification, et cette capacit\u00e9 \u00e0 avoir une vue d&#8217;ensemble s&#8217;est av\u00e9r\u00e9e \u00eatre un atout majeur.<\/p>\n\n<p>En dehors du travail, je trouve l&#8217;\u00e9quilibre dans la vie gr\u00e2ce \u00e0 la famille et \u00e0 l&#8217;exploration. Vous me trouverez souvent en train de faire des randonn\u00e9es de plusieurs jours avec ma femme et nos trois enfants, absorbant la beaut\u00e9 de notre environnement. Je passe \u00e9galement du temps \u00e0 diriger un groupe de jeunes, transmettant la sagesse que j&#8217;ai acquise au fil des ans et apprenant de l&#8217;\u00e9nergie vibrante des jeunes esprits que je guide.<\/p>\n\n<p>Je vous invite \u00e0 vous joindre \u00e0 moi pour approfondir le monde de l&#8217;IoT, en tirant parti de notre passion commune pour fa\u00e7onner le paysage technologique de demain. Cr\u00e9ons un avenir intelligent, efficace et durable.<\/p>\n","protected":false},"excerpt":{"rendered":"<p>A propos de nous Thingware GmbH Chez Thingware, nous sommes \u00e0 la pointe de l&#8217;exploitation du potentiel de l&#8217;Internet des objets (IoT) et de l&#8217;Internet industriel des objets (IIoT). Notre mission est de permettre aux entreprises d&#8217;\u00e9voluer et de prosp\u00e9rer dans cette \u00e8re num\u00e9riquement connect\u00e9e. Fond\u00e9e par Jan Sch\u00e4r, un consultant IoT chevronn\u00e9 avec une [&hellip;]<\/p>\n","protected":false},"author":1,"featured_media":0,"parent":0,"menu_order":0,"comment_status":"closed","ping_status":"closed","template":"","meta":{"footnotes":""},"class_list":["post-17","page","type-page","status-publish","hentry"],"blocksy_meta":[],"_links":{"self":[{"href":"https:\/\/thingware.ch\/fr\/wp-json\/wp\/v2\/pages\/17","targetHints":{"allow":["GET"]}}],"collection":[{"href":"https:\/\/thingware.ch\/fr\/wp-json\/wp\/v2\/pages"}],"about":[{"href":"https:\/\/thingware.ch\/fr\/wp-json\/wp\/v2\/types\/page"}],"author":[{"embeddable":true,"href":"https:\/\/thingware.ch\/fr\/wp-json\/wp\/v2\/users\/1"}],"replies":[{"embeddable":true,"href":"https:\/\/thingware.ch\/fr\/wp-json\/wp\/v2\/comments?post=17"}],"version-history":[{"count":10,"href":"https:\/\/thingware.ch\/fr\/wp-json\/wp\/v2\/pages\/17\/revisions"}],"predecessor-version":[{"id":1420,"href":"https:\/\/thingware.ch\/fr\/wp-json\/wp\/v2\/pages\/17\/revisions\/1420"}],"wp:attachment":[{"href":"https:\/\/thingware.ch\/fr\/wp-json\/wp\/v2\/media?parent=17"}],"curies":[{"name":"wp","href":"https:\/\/api.w.org\/{rel}","templated":true}]}}