{"id":81,"date":"2023-05-25T07:40:23","date_gmt":"2023-05-25T07:40:23","guid":{"rendered":"https:\/\/thingware.ch\/page-daccueil\/"},"modified":"2024-06-04T08:37:59","modified_gmt":"2024-06-04T08:37:59","slug":"page-daccueil","status":"publish","type":"page","link":"https:\/\/thingware.ch\/fr\/","title":{"rendered":"Accueil"},"content":{"rendered":"\n<div class=\"wp-block-columns is-layout-flex wp-container-core-columns-is-layout-dbcbca05 wp-block-columns-is-layout-flex\" style=\"padding-top:2vw;padding-right:0vw;padding-bottom:2vw;padding-left:0vw\">\n<div class=\"wp-block-column is-layout-flow wp-block-column-is-layout-flow\">\n<div class=\"wp-block-cover has-medium-font-size\" style=\"min-height:356px;aspect-ratio:unset;\"><span aria-hidden=\"true\" class=\"wp-block-cover__background has-background-dim-0 has-background-dim\"><\/span><img loading=\"lazy\" decoding=\"async\" width=\"2560\" height=\"1010\" class=\"wp-block-cover__image-background wp-image-1445\" alt=\"\" src=\"https:\/\/thingware.ch\/wp-content\/uploads\/2024\/06\/glow-background-scaled.jpg\" data-object-fit=\"cover\" srcset=\"https:\/\/thingware.ch\/wp-content\/uploads\/2024\/06\/glow-background-scaled.jpg 2560w, https:\/\/thingware.ch\/wp-content\/uploads\/2024\/06\/glow-background-300x118.jpg 300w, https:\/\/thingware.ch\/wp-content\/uploads\/2024\/06\/glow-background-1024x404.jpg 1024w, https:\/\/thingware.ch\/wp-content\/uploads\/2024\/06\/glow-background-768x303.jpg 768w, https:\/\/thingware.ch\/wp-content\/uploads\/2024\/06\/glow-background-1536x606.jpg 1536w, https:\/\/thingware.ch\/wp-content\/uploads\/2024\/06\/glow-background-2048x808.jpg 2048w\" sizes=\"auto, (max-width: 2560px) 100vw, 2560px\" \/><div class=\"wp-block-cover__inner-container is-layout-flow wp-block-cover-is-layout-flow\">\n<p class=\"has-text-align-center has-large-font-size\">LA MISE EN R\u00c9SEAU POUR UNE R\u00c9VOLUTION NUM\u00c9RIQUE<\/p>\n<\/div><\/div>\n<\/div>\n<\/div>\n\n<div class=\"wp-block-group is-layout-constrained wp-container-core-group-is-layout-50ba0692 wp-block-group-is-layout-constrained\" style=\"padding-right:2vw;padding-left:2vw\">\n<p class=\"has-medium-font-size\">Tel un terrain d&#8217;aventure inexplor\u00e9, l&#8217;internet des objets (IdO) regorge de potentiel et de promesses. Chaque appareil, chaque machine et chaque syst\u00e8me offre une nouvelle possibilit\u00e9 d&#8217;am\u00e9liorer et de connecter notre monde d&#8217;une mani\u00e8re inimaginable auparavant.<\/p>\n\n\n\n<h2 class=\"wp-block-heading has-bigger-font-size\" style=\"padding-top:0vw;padding-right:3vw;padding-bottom:2vw;padding-left:5vw;line-height:1.3;text-transform:uppercase\">Ce que nous proposons<\/h2>\n\n\n\n<div class=\"wp-block-columns is-layout-flex wp-container-core-columns-is-layout-28f84493 wp-block-columns-is-layout-flex\" style=\"border-top-color:var(--wp--preset--color--one);border-top-width:1px;border-right-style:none;border-right-width:0px;border-bottom-color:var(--wp--preset--color--one);border-bottom-width:1px;border-left-style:none;border-left-width:0px\">\n<div class=\"wp-block-column mobile-border-none is-layout-flow wp-block-column-is-layout-flow\" style=\"border-right-color:var(--wp--preset--color--one);border-right-width:1px;flex-basis:65%\">\n<h2 class=\"wp-block-heading has-large-font-size\" style=\"padding-top:3vw;padding-right:3vw;padding-bottom:3vw;padding-left:5vw;line-height:1.3;text-transform:uppercase\">D\u00e9veloppement d&#8217;une strat\u00e9gie IoT<\/h2>\n<\/div>\n\n\n\n<div class=\"wp-block-column is-layout-flow wp-block-column-is-layout-flow\" style=\"flex-basis:35%\">\n<p class=\"has-medium-font-size\" style=\"padding-top:3vw;padding-right:3vw;padding-bottom:3vw;padding-left:3vw;line-height:1.3\">\u00c9laboration d&#8217;une strat\u00e9gie globale en mati\u00e8re d&#8217;IdO<br\/><a href=\"https:\/\/thingware.ch\/services\/\" data-type=\"page\" data-id=\"167\">En savoir plus<\/a><\/p>\n<\/div>\n<\/div>\n\n\n\n<div class=\"wp-block-columns is-layout-flex wp-container-core-columns-is-layout-28f84493 wp-block-columns-is-layout-flex\" style=\"border-top-color:var(--wp--preset--color--one);border-top-width:1px;border-right-style:none;border-right-width:0px;border-bottom-color:var(--wp--preset--color--one);border-bottom-width:1px;border-left-style:none;border-left-width:0px\">\n<div class=\"wp-block-column mobile-border-none is-layout-flow wp-block-column-is-layout-flow\" style=\"border-right-color:var(--wp--preset--color--one);border-right-width:1px;flex-basis:65%\">\n<h2 class=\"wp-block-heading has-large-font-size\" style=\"padding-top:3vw;padding-right:3vw;padding-bottom:3vw;padding-left:5vw;line-height:1.3;text-transform:uppercase\">Choix de la technologie<\/h2>\n<\/div>\n\n\n\n<div class=\"wp-block-column is-layout-flow wp-block-column-is-layout-flow\" style=\"flex-basis:35%\">\n<p class=\"has-medium-font-size\" style=\"padding-top:3vw;padding-right:3vw;padding-bottom:3vw;padding-left:3vw;line-height:1.3\">Aide \u00e0 la s\u00e9lection de plateformes, de protocoles et de technologies iot appropri\u00e9s<br\/><a href=\"https:\/\/thingware.ch\/about-us\/\" data-type=\"page\" data-id=\"2\"><\/a><a href=\"https:\/\/thingware.ch\/services\/\" data-type=\"page\" data-id=\"167\">En savoir plus<\/a><\/p>\n<\/div>\n<\/div>\n\n\n\n<div class=\"wp-block-columns is-layout-flex wp-container-core-columns-is-layout-28f84493 wp-block-columns-is-layout-flex\" style=\"border-top-color:var(--wp--preset--color--one);border-top-width:1px;border-right-style:none;border-right-width:0px;border-bottom-color:var(--wp--preset--color--one);border-bottom-width:1px;border-left-style:none;border-left-width:0px\">\n<div class=\"wp-block-column mobile-border-none is-layout-flow wp-block-column-is-layout-flow\" style=\"border-right-color:var(--wp--preset--color--one);border-right-width:1px;flex-basis:65%\">\n<h2 class=\"wp-block-heading has-large-font-size\" style=\"padding-top:3vw;padding-right:3vw;padding-bottom:3vw;padding-left:5vw;line-height:1.3;text-transform:uppercase\">Conception de l&#8217;architecture<\/h2>\n<\/div>\n\n\n\n<div class=\"wp-block-column is-layout-flow wp-block-column-is-layout-flow\" style=\"flex-basis:35%\">\n<p class=\"has-medium-font-size\" style=\"padding-top:3vw;padding-right:3vw;padding-bottom:3vw;padding-left:3vw;line-height:1.3\">Conception et d\u00e9veloppement d&#8217;une architecture IoT \u00e9volutive et s\u00e9curis\u00e9e<br\/><a href=\"https:\/\/thingware.ch\/about-us\/\" data-type=\"page\" data-id=\"2\"><\/a><a href=\"https:\/\/thingware.ch\/services\/\" data-type=\"page\" data-id=\"167\">En savoir plus<\/a><\/p>\n<\/div>\n<\/div>\n\n\n\n<div class=\"wp-block-columns is-layout-flex wp-container-core-columns-is-layout-28f84493 wp-block-columns-is-layout-flex\" style=\"border-top-color:var(--wp--preset--color--one);border-top-width:1px;border-right-style:none;border-right-width:0px;border-bottom-color:var(--wp--preset--color--one);border-bottom-width:1px;border-left-style:none;border-left-width:0px\">\n<div class=\"wp-block-column mobile-border-none is-layout-flow wp-block-column-is-layout-flow\" style=\"border-right-color:var(--wp--preset--color--one);border-right-width:1px;flex-basis:65%\">\n<h2 class=\"wp-block-heading has-large-font-size\" style=\"padding-top:3vw;padding-right:3vw;padding-bottom:3vw;padding-left:5vw;line-height:1.3;text-transform:uppercase\">Formation et \u00e9ducation \u00e0 l&#8217;IdO<\/h2>\n<\/div>\n\n\n\n<div class=\"wp-block-column is-layout-flow wp-block-column-is-layout-flow\" style=\"flex-basis:35%\">\n<p class=\"has-medium-font-size\" style=\"padding-top:3vw;padding-right:3vw;padding-bottom:3vw;padding-left:3vw;line-height:1.3\">Formation pratique sur les technologies et les applications de l&#8217;IdO, pour comprendre les r\u00e9alit\u00e9s de l&#8217;IdO et son potentiel commercial.<br\/><a href=\"https:\/\/thingware.ch\/about-us\/\" data-type=\"page\" data-id=\"2\"><\/a><a href=\"https:\/\/thingware.ch\/services\/\" data-type=\"page\" data-id=\"167\">En savoir plus<\/a><\/p>\n<\/div>\n<\/div>\n<\/div>\n\n<p class=\"has-medium-font-size\">D\u00e9couvrez le monde passionnant de la num\u00e9risation via l&#8217;IoT avec Thingware. Nous sommes l\u00e0 pour vous aider gr\u00e2ce \u00e0 notre expertise de pointe en mati\u00e8re de conseil IoT. Des solutions sur mesure au conseil approfondi, nous sommes l\u00e0 pour vous aider \u00e0 atteindre vos objectifs dans l&#8217;avenir connect\u00e9.<\/p>\n","protected":false},"excerpt":{"rendered":"<p>Tel un terrain d&#8217;aventure inexplor\u00e9, l&#8217;internet des objets (IdO) regorge de potentiel et de promesses. Chaque appareil, chaque machine et chaque syst\u00e8me offre une nouvelle possibilit\u00e9 d&#8217;am\u00e9liorer et de connecter notre monde d&#8217;une mani\u00e8re inimaginable auparavant. Ce que nous proposons D\u00e9veloppement d&#8217;une strat\u00e9gie IoT \u00c9laboration d&#8217;une strat\u00e9gie globale en mati\u00e8re d&#8217;IdOEn savoir plus Choix de [&hellip;]<\/p>\n","protected":false},"author":1,"featured_media":0,"parent":0,"menu_order":0,"comment_status":"closed","ping_status":"closed","template":"","meta":{"footnotes":""},"class_list":["post-81","page","type-page","status-publish","hentry"],"blocksy_meta":[],"_links":{"self":[{"href":"https:\/\/thingware.ch\/fr\/wp-json\/wp\/v2\/pages\/81","targetHints":{"allow":["GET"]}}],"collection":[{"href":"https:\/\/thingware.ch\/fr\/wp-json\/wp\/v2\/pages"}],"about":[{"href":"https:\/\/thingware.ch\/fr\/wp-json\/wp\/v2\/types\/page"}],"author":[{"embeddable":true,"href":"https:\/\/thingware.ch\/fr\/wp-json\/wp\/v2\/users\/1"}],"replies":[{"embeddable":true,"href":"https:\/\/thingware.ch\/fr\/wp-json\/wp\/v2\/comments?post=81"}],"version-history":[{"count":17,"href":"https:\/\/thingware.ch\/fr\/wp-json\/wp\/v2\/pages\/81\/revisions"}],"predecessor-version":[{"id":1477,"href":"https:\/\/thingware.ch\/fr\/wp-json\/wp\/v2\/pages\/81\/revisions\/1477"}],"wp:attachment":[{"href":"https:\/\/thingware.ch\/fr\/wp-json\/wp\/v2\/media?parent=81"}],"curies":[{"name":"wp","href":"https:\/\/api.w.org\/{rel}","templated":true}]}}